{"id":324,"date":"2021-05-06T15:38:43","date_gmt":"2021-05-06T15:38:43","guid":{"rendered":"http:\/\/testowastronadlakazdego.pl\/?page_id=22"},"modified":"2023-03-13T17:03:56","modified_gmt":"2023-03-13T17:03:56","slug":"kontakt","status":"publish","type":"page","link":"https:\/\/www.drewnianydom.info.pl\/?page_id=324","title":{"rendered":"O NAS"},"content":{"rendered":"\t\t<div data-elementor-type=\"wp-page\" data-elementor-id=\"324\" class=\"elementor elementor-324\" data-elementor-post-type=\"page\">\n\t\t\t\t\t\t<section class=\"elementor-section elementor-top-section elementor-element elementor-element-da73f5c elementor-section-stretched elementor-section-boxed elementor-section-height-default elementor-section-height-default\" data-id=\"da73f5c\" data-element_type=\"section\" data-e-type=\"section\" data-settings=\"{&quot;stretch_section&quot;:&quot;section-stretched&quot;,&quot;background_background&quot;:&quot;classic&quot;}\">\n\t\t\t\t\t\t\t<div class=\"elementor-background-overlay\"><\/div>\n\t\t\t\t\t\t\t<div class=\"elementor-container elementor-column-gap-default\">\n\t\t\t\t\t<div class=\"elementor-column elementor-col-66 elementor-top-column elementor-element elementor-element-1298431\" data-id=\"1298431\" data-element_type=\"column\" data-e-type=\"column\">\n\t\t\t<div class=\"elementor-widget-wrap elementor-element-populated\">\n\t\t\t\t\t\t<div class=\"elementor-element elementor-element-362daad elementor-widget elementor-widget-gallery\" data-id=\"362daad\" data-element_type=\"widget\" data-e-type=\"widget\" data-settings=\"{&quot;gallery_layout&quot;:&quot;justified&quot;,&quot;ideal_row_height&quot;:{&quot;unit&quot;:&quot;px&quot;,&quot;size&quot;:276,&quot;sizes&quot;:[]},&quot;gap&quot;:{&quot;unit&quot;:&quot;px&quot;,&quot;size&quot;:35,&quot;sizes&quot;:[]},&quot;lazyload&quot;:&quot;yes&quot;,&quot;ideal_row_height_laptop&quot;:{&quot;unit&quot;:&quot;px&quot;,&quot;size&quot;:150,&quot;sizes&quot;:[]},&quot;ideal_row_height_tablet&quot;:{&quot;unit&quot;:&quot;px&quot;,&quot;size&quot;:150,&quot;sizes&quot;:[]},&quot;ideal_row_height_mobile&quot;:{&quot;unit&quot;:&quot;px&quot;,&quot;size&quot;:150,&quot;sizes&quot;:[]},&quot;gap_laptop&quot;:{&quot;unit&quot;:&quot;px&quot;,&quot;size&quot;:10,&quot;sizes&quot;:[]},&quot;gap_tablet&quot;:{&quot;unit&quot;:&quot;px&quot;,&quot;size&quot;:10,&quot;sizes&quot;:[]},&quot;gap_mobile&quot;:{&quot;unit&quot;:&quot;px&quot;,&quot;size&quot;:10,&quot;sizes&quot;:[]},&quot;link_to&quot;:&quot;file&quot;,&quot;overlay_background&quot;:&quot;yes&quot;,&quot;content_hover_animation&quot;:&quot;fade-in&quot;}\" data-widget_type=\"gallery.default\">\n\t\t\t\t<div class=\"elementor-widget-container\">\n\t\t\t\t\t\t\t<div class=\"elementor-gallery__container\">\n\t\t\t\t\t\t\t<a class=\"e-gallery-item elementor-gallery-item elementor-animated-content\" href=\"https:\/\/www.drewnianydom.info.pl\/wp-content\/uploads\/2023\/03\/zhipeng-ya-0uIRvWYmgzY-unsplash-1024x683-1.jpg\" data-elementor-open-lightbox=\"yes\" data-elementor-lightbox-slideshow=\"362daad\" data-elementor-lightbox-title=\"zhipeng-ya-0uIRvWYmgzY-unsplash-1024x683\" data-e-action-hash=\"#elementor-action%3Aaction%3Dlightbox%26settings%3DeyJpZCI6NDEsInVybCI6Imh0dHBzOlwvXC93d3cuZHJld25pYW55ZG9tLmluZm8ucGxcL3dwLWNvbnRlbnRcL3VwbG9hZHNcLzIwMjNcLzAzXC96aGlwZW5nLXlhLTB1SVJ2V1ltZ3pZLXVuc3BsYXNoLTEwMjR4NjgzLTEuanBnIiwic2xpZGVzaG93IjoiMzYyZGFhZCJ9\">\n\t\t\t\t\t<div class=\"e-gallery-image elementor-gallery-item__image\" data-thumbnail=\"https:\/\/www.drewnianydom.info.pl\/wp-content\/uploads\/2023\/03\/zhipeng-ya-0uIRvWYmgzY-unsplash-1024x683-1-300x200.jpg\" data-width=\"300\" data-height=\"200\" aria-label=\"\" role=\"img\" ><\/div>\n\t\t\t\t\t\t\t\t\t\t\t<div class=\"elementor-gallery-item__overlay\"><\/div>\n\t\t\t\t\t\t\t\t\t\t\t\t\t\t<\/a>\n\t\t\t\t\t<\/div>\n\t\t\t\t\t<\/div>\n\t\t\t\t<\/div>\n\t\t\t\t\t<\/div>\n\t\t<\/div>\n\t\t\t\t<div class=\"elementor-column elementor-col-33 elementor-top-column elementor-element elementor-element-319a8b8\" data-id=\"319a8b8\" data-element_type=\"column\" data-e-type=\"column\" data-settings=\"{&quot;background_background&quot;:&quot;classic&quot;}\">\n\t\t\t<div class=\"elementor-widget-wrap elementor-element-populated\">\n\t\t\t\t\t\t<div class=\"elementor-element elementor-element-573354f elementor-widget elementor-widget-text-editor\" data-id=\"573354f\" data-element_type=\"widget\" data-e-type=\"widget\" data-widget_type=\"text-editor.default\">\n\t\t\t\t<div class=\"elementor-widget-container\">\n\t\t\t\t\t\t\t\t\t<p>Na rynku istniejemy od 1997 roku. Nasza firma to zesp\u00f3\u0142 energicznych architekt\u00f3w i stolarzy. Nasza ekipa sk\u0142ada si\u0119 z wysokiej jako\u015bci specjalist\u00f3w. Zapewniamy najwy\u017csz\u0105 jako\u015b\u0107 wykonania dom\u00f3w.<\/p>\t\t\t\t\t\t\t\t<\/div>\n\t\t\t\t<\/div>\n\t\t\t\t\t<\/div>\n\t\t<\/div>\n\t\t\t\t\t<\/div>\n\t\t<\/section>\n\t\t\t\t<section class=\"elementor-section elementor-top-section elementor-element elementor-element-4efab8b4 elementor-section-full_width elementor-section-height-min-height elementor-section-items-stretch elementor-section-stretched elementor-section-height-default\" data-id=\"4efab8b4\" data-element_type=\"section\" data-e-type=\"section\" data-settings=\"{&quot;background_background&quot;:&quot;classic&quot;,&quot;stretch_section&quot;:&quot;section-stretched&quot;}\">\n\t\t\t\t\t\t<div class=\"elementor-container elementor-column-gap-default\">\n\t\t\t\t\t<div class=\"elementor-column elementor-col-33 elementor-top-column elementor-element elementor-element-2f13631e\" data-id=\"2f13631e\" data-element_type=\"column\" data-e-type=\"column\">\n\t\t\t<div class=\"elementor-widget-wrap elementor-element-populated\">\n\t\t\t\t\t\t<div class=\"elementor-element elementor-element-6164fd8d elementor-widget elementor-widget-spacer\" data-id=\"6164fd8d\" data-element_type=\"widget\" data-e-type=\"widget\" data-widget_type=\"spacer.default\">\n\t\t\t\t<div class=\"elementor-widget-container\">\n\t\t\t\t\t\t\t<div class=\"elementor-spacer\">\n\t\t\t<div class=\"elementor-spacer-inner\"><\/div>\n\t\t<\/div>\n\t\t\t\t\t\t<\/div>\n\t\t\t\t<\/div>\n\t\t\t\t<div class=\"elementor-element elementor-element-270737fa elementor-nav-menu--dropdown-tablet elementor-nav-menu__text-align-aside elementor-nav-menu--toggle elementor-nav-menu--burger elementor-widget elementor-widget-nav-menu\" data-id=\"270737fa\" data-element_type=\"widget\" data-e-type=\"widget\" data-settings=\"{&quot;layout&quot;:&quot;horizontal&quot;,&quot;submenu_icon&quot;:{&quot;value&quot;:&quot;&lt;i class=\\&quot;fas fa-caret-down\\&quot; aria-hidden=\\&quot;true\\&quot;&gt;&lt;\\\/i&gt;&quot;,&quot;library&quot;:&quot;fa-solid&quot;},&quot;toggle&quot;:&quot;burger&quot;}\" data-widget_type=\"nav-menu.default\">\n\t\t\t\t<div class=\"elementor-widget-container\">\n\t\t\t\t\t\t\t\t<nav aria-label=\"Menu\" class=\"elementor-nav-menu--main elementor-nav-menu__container elementor-nav-menu--layout-horizontal e--pointer-underline e--animation-fade\">\n\t\t\t\t<ul id=\"menu-1-270737fa\" class=\"elementor-nav-menu\"><li class=\"menu-item menu-item-type-post_type menu-item-object-page menu-item-606\"><a href=\"https:\/\/www.drewnianydom.info.pl\/?page_id=322\" class=\"elementor-item\">Polityka prywarno\u015bci<\/a><\/li>\n<li class=\"menu-item menu-item-type-post_type menu-item-object-page menu-item-611\"><a href=\"https:\/\/www.drewnianydom.info.pl\/?page_id=310\" class=\"elementor-item\">Polityka cookies<\/a><\/li>\n<li class=\"menu-item menu-item-type-post_type menu-item-object-page menu-item-607\"><a href=\"https:\/\/www.drewnianydom.info.pl\/?page_id=324\" class=\"elementor-item\">O NAS<\/a><\/li>\n<\/ul>\t\t\t<\/nav>\n\t\t\t\t\t<div class=\"elementor-menu-toggle\" role=\"button\" tabindex=\"0\" aria-label=\"Menu Toggle\" aria-expanded=\"false\">\n\t\t\t<i aria-hidden=\"true\" role=\"presentation\" class=\"elementor-menu-toggle__icon--open eicon-menu-bar\"><\/i><i aria-hidden=\"true\" role=\"presentation\" class=\"elementor-menu-toggle__icon--close eicon-close\"><\/i>\t\t<\/div>\n\t\t\t\t\t<nav class=\"elementor-nav-menu--dropdown elementor-nav-menu__container\" aria-hidden=\"true\">\n\t\t\t\t<ul id=\"menu-2-270737fa\" class=\"elementor-nav-menu\"><li class=\"menu-item menu-item-type-post_type menu-item-object-page menu-item-606\"><a href=\"https:\/\/www.drewnianydom.info.pl\/?page_id=322\" class=\"elementor-item\" tabindex=\"-1\">Polityka prywarno\u015bci<\/a><\/li>\n<li class=\"menu-item menu-item-type-post_type menu-item-object-page menu-item-611\"><a href=\"https:\/\/www.drewnianydom.info.pl\/?page_id=310\" class=\"elementor-item\" tabindex=\"-1\">Polityka cookies<\/a><\/li>\n<li class=\"menu-item menu-item-type-post_type menu-item-object-page menu-item-607\"><a href=\"https:\/\/www.drewnianydom.info.pl\/?page_id=324\" class=\"elementor-item\" tabindex=\"-1\">O NAS<\/a><\/li>\n<\/ul>\t\t\t<\/nav>\n\t\t\t\t\t\t<\/div>\n\t\t\t\t<\/div>\n\t\t\t\t\t<\/div>\n\t\t<\/div>\n\t\t\t\t<div class=\"elementor-column elementor-col-33 elementor-top-column elementor-element elementor-element-7ca9e0f8\" data-id=\"7ca9e0f8\" data-element_type=\"column\" data-e-type=\"column\">\n\t\t\t<div class=\"elementor-widget-wrap elementor-element-populated\">\n\t\t\t\t\t\t<section class=\"elementor-section elementor-inner-section elementor-element elementor-element-48bb8993 elementor-section-height-min-height elementor-section-boxed elementor-section-height-default\" data-id=\"48bb8993\" data-element_type=\"section\" data-e-type=\"section\">\n\t\t\t\t\t\t<div class=\"elementor-container elementor-column-gap-default\">\n\t\t\t\t\t<div class=\"elementor-column elementor-col-100 elementor-inner-column elementor-element elementor-element-3f2348c5\" data-id=\"3f2348c5\" data-element_type=\"column\" data-e-type=\"column\">\n\t\t\t<div class=\"elementor-widget-wrap elementor-element-populated\">\n\t\t\t\t\t\t<div class=\"elementor-element elementor-element-20ffb412 elementor-widget elementor-widget-heading\" data-id=\"20ffb412\" data-element_type=\"widget\" data-e-type=\"widget\" data-widget_type=\"heading.default\">\n\t\t\t\t<div class=\"elementor-widget-container\">\n\t\t\t\t\t<h5 class=\"elementor-heading-title elementor-size-default\">Zapraszamy do kontaktu<\/h5>\t\t\t\t<\/div>\n\t\t\t\t<\/div>\n\t\t\t\t<div class=\"elementor-element elementor-element-7a648784 elementor-widget elementor-widget-text-editor\" data-id=\"7a648784\" data-element_type=\"widget\" data-e-type=\"widget\" data-widget_type=\"text-editor.default\">\n\t\t\t\t<div class=\"elementor-widget-container\">\n\t\t\t\t\t\t\t\t\t<p>biuro@domydrewniane.pl<\/p>\t\t\t\t\t\t\t\t<\/div>\n\t\t\t\t<\/div>\n\t\t\t\t\t<\/div>\n\t\t<\/div>\n\t\t\t\t\t<\/div>\n\t\t<\/section>\n\t\t\t\t\t<\/div>\n\t\t<\/div>\n\t\t\t\t<div class=\"elementor-column elementor-col-33 elementor-top-column elementor-element elementor-element-264438e2\" data-id=\"264438e2\" data-element_type=\"column\" data-e-type=\"column\">\n\t\t\t<div class=\"elementor-widget-wrap elementor-element-populated\">\n\t\t\t\t\t\t<div class=\"elementor-element elementor-element-73956495 elementor-widget elementor-widget-spacer\" data-id=\"73956495\" data-element_type=\"widget\" data-e-type=\"widget\" data-widget_type=\"spacer.default\">\n\t\t\t\t<div class=\"elementor-widget-container\">\n\t\t\t\t\t\t\t<div class=\"elementor-spacer\">\n\t\t\t<div class=\"elementor-spacer-inner\"><\/div>\n\t\t<\/div>\n\t\t\t\t\t\t<\/div>\n\t\t\t\t<\/div>\n\t\t\t\t<section class=\"elementor-section elementor-inner-section elementor-element elementor-element-40995b61 elementor-section-boxed elementor-section-height-default elementor-section-height-default\" data-id=\"40995b61\" data-element_type=\"section\" data-e-type=\"section\">\n\t\t\t\t\t\t<div class=\"elementor-container elementor-column-gap-default\">\n\t\t\t\t\t<div class=\"elementor-column elementor-col-50 elementor-inner-column elementor-element elementor-element-2a301af2\" data-id=\"2a301af2\" data-element_type=\"column\" data-e-type=\"column\">\n\t\t\t<div class=\"elementor-widget-wrap elementor-element-populated\">\n\t\t\t\t\t\t<div class=\"elementor-element elementor-element-2319d3f8 elementor-shape-square elementor-grid-0 e-grid-align-center elementor-widget elementor-widget-social-icons\" data-id=\"2319d3f8\" data-element_type=\"widget\" data-e-type=\"widget\" data-widget_type=\"social-icons.default\">\n\t\t\t\t<div class=\"elementor-widget-container\">\n\t\t\t\t\t\t\t<div class=\"elementor-social-icons-wrapper elementor-grid\" role=\"list\">\n\t\t\t\t\t\t\t<span class=\"elementor-grid-item\" role=\"listitem\">\n\t\t\t\t\t<a class=\"elementor-icon elementor-social-icon elementor-social-icon-facebook-f elementor-repeater-item-fac13cb\" target=\"_blank\">\n\t\t\t\t\t\t<span class=\"elementor-screen-only\">Facebook-f<\/span>\n\t\t\t\t\t\t<i aria-hidden=\"true\" class=\"fab fa-facebook-f\"><\/i>\t\t\t\t\t<\/a>\n\t\t\t\t<\/span>\n\t\t\t\t\t\t\t<span class=\"elementor-grid-item\" role=\"listitem\">\n\t\t\t\t\t<a class=\"elementor-icon elementor-social-icon elementor-social-icon-instagram elementor-repeater-item-bd18e6a\" target=\"_blank\">\n\t\t\t\t\t\t<span class=\"elementor-screen-only\">Instagram<\/span>\n\t\t\t\t\t\t<i aria-hidden=\"true\" class=\"fab fa-instagram\"><\/i>\t\t\t\t\t<\/a>\n\t\t\t\t<\/span>\n\t\t\t\t\t<\/div>\n\t\t\t\t\t\t<\/div>\n\t\t\t\t<\/div>\n\t\t\t\t\t<\/div>\n\t\t<\/div>\n\t\t\t\t<div class=\"elementor-column elementor-col-50 elementor-inner-column elementor-element elementor-element-663ab0f7\" data-id=\"663ab0f7\" data-element_type=\"column\" data-e-type=\"column\">\n\t\t\t<div class=\"elementor-widget-wrap elementor-element-populated\">\n\t\t\t\t\t\t<div class=\"elementor-element elementor-element-39470b35 elementor-widget elementor-widget-text-editor\" data-id=\"39470b35\" data-element_type=\"widget\" data-e-type=\"widget\" data-widget_type=\"text-editor.default\">\n\t\t\t\t<div class=\"elementor-widget-container\">\n\t\t\t\t\t\t\t\t\t<a href: \"https:\/\/www.stronadlakazdego.pl\/\">Copyright: Stronadlakazdego.pl<\/a>\t\t\t\t\t\t\t\t<\/div>\n\t\t\t\t<\/div>\n\t\t\t\t\t<\/div>\n\t\t<\/div>\n\t\t\t\t\t<\/div>\n\t\t<\/section>\n\t\t\t\t\t<\/div>\n\t\t<\/div>\n\t\t\t\t\t<\/div>\n\t\t<\/section>\n\t\t\t\t<\/div>\n\t\t","protected":false},"excerpt":{"rendered":"<p>Na rynku istniejemy od 1997 roku. Nasza firma to zesp\u00f3\u0142 energicznych architekt\u00f3w i stolarzy. Nasza ekipa sk\u0142ada si\u0119 z wysokiej jako\u015bci specjalist\u00f3w. Zapewniamy najwy\u017csz\u0105 jako\u015b\u0107 wykonania dom\u00f3w. Zapraszamy do kontaktu biuro@domydrewniane.pl Facebook-f Instagram Copyright: Stronadlakazdego.pl<\/p>\n","protected":false},"author":1,"featured_media":0,"parent":0,"menu_order":0,"comment_status":"closed","ping_status":"closed","template":"","meta":{"footnotes":""},"class_list":["post-324","page","type-page","status-publish"],"yoast_head":"<!-- This site is optimized with the Yoast SEO plugin v27.6 - https:\/\/yoast.com\/product\/yoast-seo-wordpress\/ -->\n<title>O NAS - Dom Drewniany<\/title>\n<meta name=\"robots\" content=\"index, follow, max-snippet:-1, max-image-preview:large, max-video-preview:-1\" \/>\n<link rel=\"canonical\" href=\"https:\/\/www.drewnianydom.info.pl\/?page_id=324\" \/>\n<meta property=\"og:locale\" content=\"pl_PL\" \/>\n<meta property=\"og:type\" content=\"article\" \/>\n<meta property=\"og:title\" content=\"O NAS - Dom Drewniany\" \/>\n<meta property=\"og:description\" content=\"Na rynku istniejemy od 1997 roku. Nasza firma to zesp\u00f3\u0142 energicznych architekt\u00f3w i stolarzy. Nasza ekipa sk\u0142ada si\u0119 z wysokiej jako\u015bci specjalist\u00f3w. Zapewniamy najwy\u017csz\u0105 jako\u015b\u0107 wykonania dom\u00f3w. Zapraszamy do kontaktu biuro@domydrewniane.pl Facebook-f Instagram Copyright: Stronadlakazdego.pl\" \/>\n<meta property=\"og:url\" content=\"https:\/\/www.drewnianydom.info.pl\/?page_id=324\" \/>\n<meta property=\"og:site_name\" content=\"Dom Drewniany\" \/>\n<meta property=\"article:modified_time\" content=\"2023-03-13T17:03:56+00:00\" \/>\n<meta name=\"twitter:card\" content=\"summary_large_image\" \/>\n<meta name=\"twitter:label1\" content=\"Szacowany czas czytania\" \/>\n\t<meta name=\"twitter:data1\" content=\"1 minuta\" \/>\n<script type=\"application\/ld+json\" class=\"yoast-schema-graph\">{\"@context\":\"https:\\\/\\\/schema.org\",\"@graph\":[{\"@type\":\"WebPage\",\"@id\":\"https:\\\/\\\/www.drewnianydom.info.pl\\\/?page_id=324\",\"url\":\"https:\\\/\\\/www.drewnianydom.info.pl\\\/?page_id=324\",\"name\":\"O NAS - Dom Drewniany\",\"isPartOf\":{\"@id\":\"https:\\\/\\\/www.drewnianydom.info.pl\\\/#website\"},\"datePublished\":\"2021-05-06T15:38:43+00:00\",\"dateModified\":\"2023-03-13T17:03:56+00:00\",\"breadcrumb\":{\"@id\":\"https:\\\/\\\/www.drewnianydom.info.pl\\\/?page_id=324#breadcrumb\"},\"inLanguage\":\"pl-PL\",\"potentialAction\":[{\"@type\":\"ReadAction\",\"target\":[\"https:\\\/\\\/www.drewnianydom.info.pl\\\/?page_id=324\"]}]},{\"@type\":\"BreadcrumbList\",\"@id\":\"https:\\\/\\\/www.drewnianydom.info.pl\\\/?page_id=324#breadcrumb\",\"itemListElement\":[{\"@type\":\"ListItem\",\"position\":1,\"name\":\"Strona g\u0142\u00f3wna\",\"item\":\"https:\\\/\\\/www.drewnianydom.info.pl\\\/\"},{\"@type\":\"ListItem\",\"position\":2,\"name\":\"O NAS\"}]},{\"@type\":\"WebSite\",\"@id\":\"https:\\\/\\\/www.drewnianydom.info.pl\\\/#website\",\"url\":\"https:\\\/\\\/www.drewnianydom.info.pl\\\/\",\"name\":\"Dom Drewniany\",\"description\":\"Stronaa firmy buduj\u0105cej strony\",\"publisher\":{\"@id\":\"https:\\\/\\\/www.drewnianydom.info.pl\\\/#organization\"},\"potentialAction\":[{\"@type\":\"SearchAction\",\"target\":{\"@type\":\"EntryPoint\",\"urlTemplate\":\"https:\\\/\\\/www.drewnianydom.info.pl\\\/?s={search_term_string}\"},\"query-input\":{\"@type\":\"PropertyValueSpecification\",\"valueRequired\":true,\"valueName\":\"search_term_string\"}}],\"inLanguage\":\"pl-PL\"},{\"@type\":\"Organization\",\"@id\":\"https:\\\/\\\/www.drewnianydom.info.pl\\\/#organization\",\"name\":\"Dom Drewniany\",\"url\":\"https:\\\/\\\/www.drewnianydom.info.pl\\\/\",\"logo\":{\"@type\":\"ImageObject\",\"inLanguage\":\"pl-PL\",\"@id\":\"https:\\\/\\\/www.drewnianydom.info.pl\\\/#\\\/schema\\\/logo\\\/image\\\/\",\"url\":\"https:\\\/\\\/www.drewnianydom.info.pl\\\/wp-content\\\/uploads\\\/2023\\\/03\\\/cropped-Screenshot-2021-06-14-at-17-39-39-Edytuj-logo-Logomaster-Online-Logo-Maker-dla-Twojego-nowego-biznesu.png\",\"contentUrl\":\"https:\\\/\\\/www.drewnianydom.info.pl\\\/wp-content\\\/uploads\\\/2023\\\/03\\\/cropped-Screenshot-2021-06-14-at-17-39-39-Edytuj-logo-Logomaster-Online-Logo-Maker-dla-Twojego-nowego-biznesu.png\",\"width\":239,\"height\":239,\"caption\":\"Dom Drewniany\"},\"image\":{\"@id\":\"https:\\\/\\\/www.drewnianydom.info.pl\\\/#\\\/schema\\\/logo\\\/image\\\/\"}}]}<\/script>\n<!-- \/ Yoast SEO plugin. -->","yoast_head_json":{"title":"O NAS - Dom Drewniany","robots":{"index":"index","follow":"follow","max-snippet":"max-snippet:-1","max-image-preview":"max-image-preview:large","max-video-preview":"max-video-preview:-1"},"canonical":"https:\/\/www.drewnianydom.info.pl\/?page_id=324","og_locale":"pl_PL","og_type":"article","og_title":"O NAS - Dom Drewniany","og_description":"Na rynku istniejemy od 1997 roku. Nasza firma to zesp\u00f3\u0142 energicznych architekt\u00f3w i stolarzy. Nasza ekipa sk\u0142ada si\u0119 z wysokiej jako\u015bci specjalist\u00f3w. Zapewniamy najwy\u017csz\u0105 jako\u015b\u0107 wykonania dom\u00f3w. Zapraszamy do kontaktu biuro@domydrewniane.pl Facebook-f Instagram Copyright: Stronadlakazdego.pl","og_url":"https:\/\/www.drewnianydom.info.pl\/?page_id=324","og_site_name":"Dom Drewniany","article_modified_time":"2023-03-13T17:03:56+00:00","twitter_card":"summary_large_image","twitter_misc":{"Szacowany czas czytania":"1 minuta"},"schema":{"@context":"https:\/\/schema.org","@graph":[{"@type":"WebPage","@id":"https:\/\/www.drewnianydom.info.pl\/?page_id=324","url":"https:\/\/www.drewnianydom.info.pl\/?page_id=324","name":"O NAS - Dom Drewniany","isPartOf":{"@id":"https:\/\/www.drewnianydom.info.pl\/#website"},"datePublished":"2021-05-06T15:38:43+00:00","dateModified":"2023-03-13T17:03:56+00:00","breadcrumb":{"@id":"https:\/\/www.drewnianydom.info.pl\/?page_id=324#breadcrumb"},"inLanguage":"pl-PL","potentialAction":[{"@type":"ReadAction","target":["https:\/\/www.drewnianydom.info.pl\/?page_id=324"]}]},{"@type":"BreadcrumbList","@id":"https:\/\/www.drewnianydom.info.pl\/?page_id=324#breadcrumb","itemListElement":[{"@type":"ListItem","position":1,"name":"Strona g\u0142\u00f3wna","item":"https:\/\/www.drewnianydom.info.pl\/"},{"@type":"ListItem","position":2,"name":"O NAS"}]},{"@type":"WebSite","@id":"https:\/\/www.drewnianydom.info.pl\/#website","url":"https:\/\/www.drewnianydom.info.pl\/","name":"Dom Drewniany","description":"Stronaa firmy buduj\u0105cej strony","publisher":{"@id":"https:\/\/www.drewnianydom.info.pl\/#organization"},"potentialAction":[{"@type":"SearchAction","target":{"@type":"EntryPoint","urlTemplate":"https:\/\/www.drewnianydom.info.pl\/?s={search_term_string}"},"query-input":{"@type":"PropertyValueSpecification","valueRequired":true,"valueName":"search_term_string"}}],"inLanguage":"pl-PL"},{"@type":"Organization","@id":"https:\/\/www.drewnianydom.info.pl\/#organization","name":"Dom Drewniany","url":"https:\/\/www.drewnianydom.info.pl\/","logo":{"@type":"ImageObject","inLanguage":"pl-PL","@id":"https:\/\/www.drewnianydom.info.pl\/#\/schema\/logo\/image\/","url":"https:\/\/www.drewnianydom.info.pl\/wp-content\/uploads\/2023\/03\/cropped-Screenshot-2021-06-14-at-17-39-39-Edytuj-logo-Logomaster-Online-Logo-Maker-dla-Twojego-nowego-biznesu.png","contentUrl":"https:\/\/www.drewnianydom.info.pl\/wp-content\/uploads\/2023\/03\/cropped-Screenshot-2021-06-14-at-17-39-39-Edytuj-logo-Logomaster-Online-Logo-Maker-dla-Twojego-nowego-biznesu.png","width":239,"height":239,"caption":"Dom Drewniany"},"image":{"@id":"https:\/\/www.drewnianydom.info.pl\/#\/schema\/logo\/image\/"}}]}},"_links":{"self":[{"href":"https:\/\/www.drewnianydom.info.pl\/index.php?rest_route=\/wp\/v2\/pages\/324","targetHints":{"allow":["GET"]}}],"collection":[{"href":"https:\/\/www.drewnianydom.info.pl\/index.php?rest_route=\/wp\/v2\/pages"}],"about":[{"href":"https:\/\/www.drewnianydom.info.pl\/index.php?rest_route=\/wp\/v2\/types\/page"}],"author":[{"embeddable":true,"href":"https:\/\/www.drewnianydom.info.pl\/index.php?rest_route=\/wp\/v2\/users\/1"}],"replies":[{"embeddable":true,"href":"https:\/\/www.drewnianydom.info.pl\/index.php?rest_route=%2Fwp%2Fv2%2Fcomments&post=324"}],"version-history":[{"count":9,"href":"https:\/\/www.drewnianydom.info.pl\/index.php?rest_route=\/wp\/v2\/pages\/324\/revisions"}],"predecessor-version":[{"id":695,"href":"https:\/\/www.drewnianydom.info.pl\/index.php?rest_route=\/wp\/v2\/pages\/324\/revisions\/695"}],"wp:attachment":[{"href":"https:\/\/www.drewnianydom.info.pl\/index.php?rest_route=%2Fwp%2Fv2%2Fmedia&parent=324"}],"curies":[{"name":"wp","href":"https:\/\/api.w.org\/{rel}","templated":true}]}}