{"id":310,"date":"2021-05-20T15:32:56","date_gmt":"2021-05-20T15:32:56","guid":{"rendered":"http:\/\/testowastronadlakazdego.pl\/?page_id=310"},"modified":"2021-05-20T15:32:56","modified_gmt":"2021-05-20T15:32:56","slug":"polityka-cookies","status":"publish","type":"page","link":"https:\/\/www.drewnianydom.info.pl\/?page_id=310","title":{"rendered":"Polityka cookies"},"content":{"rendered":"\n<p>Obs\u0142ugujemy cookies. Je\u015bli uwa\u017casz, \u017ce wszystko jest w porz\u0105dku, po prostu kliknij \u201eAkceptuj wszystko\u201d. Mo\u017cesz tak\u017ce wybra\u0107 rodzaj plik\u00f3w cookie, kt\u00f3re chcesz, klikaj\u0105c \u201eUstawienia\u201d.<\/p>\n","protected":false},"excerpt":{"rendered":"<p>Obs\u0142ugujemy cookies. Je\u015bli uwa\u017casz, \u017ce wszystko jest w porz\u0105dku, po prostu kliknij \u201eAkceptuj wszystko\u201d. Mo\u017cesz tak\u017ce wybra\u0107 rodzaj plik\u00f3w cookie, kt\u00f3re chcesz, klikaj\u0105c \u201eUstawienia\u201d.<\/p>\n","protected":false},"author":1,"featured_media":0,"parent":0,"menu_order":0,"comment_status":"closed","ping_status":"closed","template":"","meta":{"footnotes":""},"class_list":["post-310","page","type-page","status-publish"],"yoast_head":"<!-- This site is optimized with the Yoast SEO plugin v27.6 - https:\/\/yoast.com\/product\/yoast-seo-wordpress\/ -->\n<title>Polityka cookies - Dom Drewniany<\/title>\n<meta name=\"robots\" content=\"index, follow, max-snippet:-1, max-image-preview:large, max-video-preview:-1\" \/>\n<link rel=\"canonical\" href=\"https:\/\/www.drewnianydom.info.pl\/?page_id=310\" \/>\n<meta property=\"og:locale\" content=\"pl_PL\" \/>\n<meta property=\"og:type\" content=\"article\" \/>\n<meta property=\"og:title\" content=\"Polityka cookies - Dom Drewniany\" \/>\n<meta property=\"og:description\" content=\"Obs\u0142ugujemy cookies. Je\u015bli uwa\u017casz, \u017ce wszystko jest w porz\u0105dku, po prostu kliknij \u201eAkceptuj wszystko\u201d. Mo\u017cesz tak\u017ce wybra\u0107 rodzaj plik\u00f3w cookie, kt\u00f3re chcesz, klikaj\u0105c \u201eUstawienia\u201d.\" \/>\n<meta property=\"og:url\" content=\"https:\/\/www.drewnianydom.info.pl\/?page_id=310\" \/>\n<meta property=\"og:site_name\" content=\"Dom Drewniany\" \/>\n<meta name=\"twitter:card\" content=\"summary_large_image\" \/>\n<meta name=\"twitter:label1\" content=\"Szacowany czas czytania\" \/>\n\t<meta name=\"twitter:data1\" content=\"1 minuta\" \/>\n<script type=\"application\/ld+json\" class=\"yoast-schema-graph\">{\"@context\":\"https:\\\/\\\/schema.org\",\"@graph\":[{\"@type\":\"WebPage\",\"@id\":\"https:\\\/\\\/www.drewnianydom.info.pl\\\/?page_id=310\",\"url\":\"https:\\\/\\\/www.drewnianydom.info.pl\\\/?page_id=310\",\"name\":\"Polityka cookies - Dom Drewniany\",\"isPartOf\":{\"@id\":\"https:\\\/\\\/www.drewnianydom.info.pl\\\/#website\"},\"datePublished\":\"2021-05-20T15:32:56+00:00\",\"breadcrumb\":{\"@id\":\"https:\\\/\\\/www.drewnianydom.info.pl\\\/?page_id=310#breadcrumb\"},\"inLanguage\":\"pl-PL\",\"potentialAction\":[{\"@type\":\"ReadAction\",\"target\":[\"https:\\\/\\\/www.drewnianydom.info.pl\\\/?page_id=310\"]}]},{\"@type\":\"BreadcrumbList\",\"@id\":\"https:\\\/\\\/www.drewnianydom.info.pl\\\/?page_id=310#breadcrumb\",\"itemListElement\":[{\"@type\":\"ListItem\",\"position\":1,\"name\":\"Strona g\u0142\u00f3wna\",\"item\":\"https:\\\/\\\/www.drewnianydom.info.pl\\\/\"},{\"@type\":\"ListItem\",\"position\":2,\"name\":\"Polityka cookies\"}]},{\"@type\":\"WebSite\",\"@id\":\"https:\\\/\\\/www.drewnianydom.info.pl\\\/#website\",\"url\":\"https:\\\/\\\/www.drewnianydom.info.pl\\\/\",\"name\":\"Dom Drewniany\",\"description\":\"Stronaa firmy buduj\u0105cej strony\",\"publisher\":{\"@id\":\"https:\\\/\\\/www.drewnianydom.info.pl\\\/#organization\"},\"potentialAction\":[{\"@type\":\"SearchAction\",\"target\":{\"@type\":\"EntryPoint\",\"urlTemplate\":\"https:\\\/\\\/www.drewnianydom.info.pl\\\/?s={search_term_string}\"},\"query-input\":{\"@type\":\"PropertyValueSpecification\",\"valueRequired\":true,\"valueName\":\"search_term_string\"}}],\"inLanguage\":\"pl-PL\"},{\"@type\":\"Organization\",\"@id\":\"https:\\\/\\\/www.drewnianydom.info.pl\\\/#organization\",\"name\":\"Dom Drewniany\",\"url\":\"https:\\\/\\\/www.drewnianydom.info.pl\\\/\",\"logo\":{\"@type\":\"ImageObject\",\"inLanguage\":\"pl-PL\",\"@id\":\"https:\\\/\\\/www.drewnianydom.info.pl\\\/#\\\/schema\\\/logo\\\/image\\\/\",\"url\":\"https:\\\/\\\/www.drewnianydom.info.pl\\\/wp-content\\\/uploads\\\/2023\\\/03\\\/cropped-Screenshot-2021-06-14-at-17-39-39-Edytuj-logo-Logomaster-Online-Logo-Maker-dla-Twojego-nowego-biznesu.png\",\"contentUrl\":\"https:\\\/\\\/www.drewnianydom.info.pl\\\/wp-content\\\/uploads\\\/2023\\\/03\\\/cropped-Screenshot-2021-06-14-at-17-39-39-Edytuj-logo-Logomaster-Online-Logo-Maker-dla-Twojego-nowego-biznesu.png\",\"width\":239,\"height\":239,\"caption\":\"Dom Drewniany\"},\"image\":{\"@id\":\"https:\\\/\\\/www.drewnianydom.info.pl\\\/#\\\/schema\\\/logo\\\/image\\\/\"}}]}<\/script>\n<!-- \/ Yoast SEO plugin. -->","yoast_head_json":{"title":"Polityka cookies - Dom Drewniany","robots":{"index":"index","follow":"follow","max-snippet":"max-snippet:-1","max-image-preview":"max-image-preview:large","max-video-preview":"max-video-preview:-1"},"canonical":"https:\/\/www.drewnianydom.info.pl\/?page_id=310","og_locale":"pl_PL","og_type":"article","og_title":"Polityka cookies - Dom Drewniany","og_description":"Obs\u0142ugujemy cookies. Je\u015bli uwa\u017casz, \u017ce wszystko jest w porz\u0105dku, po prostu kliknij \u201eAkceptuj wszystko\u201d. Mo\u017cesz tak\u017ce wybra\u0107 rodzaj plik\u00f3w cookie, kt\u00f3re chcesz, klikaj\u0105c \u201eUstawienia\u201d.","og_url":"https:\/\/www.drewnianydom.info.pl\/?page_id=310","og_site_name":"Dom Drewniany","twitter_card":"summary_large_image","twitter_misc":{"Szacowany czas czytania":"1 minuta"},"schema":{"@context":"https:\/\/schema.org","@graph":[{"@type":"WebPage","@id":"https:\/\/www.drewnianydom.info.pl\/?page_id=310","url":"https:\/\/www.drewnianydom.info.pl\/?page_id=310","name":"Polityka cookies - Dom Drewniany","isPartOf":{"@id":"https:\/\/www.drewnianydom.info.pl\/#website"},"datePublished":"2021-05-20T15:32:56+00:00","breadcrumb":{"@id":"https:\/\/www.drewnianydom.info.pl\/?page_id=310#breadcrumb"},"inLanguage":"pl-PL","potentialAction":[{"@type":"ReadAction","target":["https:\/\/www.drewnianydom.info.pl\/?page_id=310"]}]},{"@type":"BreadcrumbList","@id":"https:\/\/www.drewnianydom.info.pl\/?page_id=310#breadcrumb","itemListElement":[{"@type":"ListItem","position":1,"name":"Strona g\u0142\u00f3wna","item":"https:\/\/www.drewnianydom.info.pl\/"},{"@type":"ListItem","position":2,"name":"Polityka cookies"}]},{"@type":"WebSite","@id":"https:\/\/www.drewnianydom.info.pl\/#website","url":"https:\/\/www.drewnianydom.info.pl\/","name":"Dom Drewniany","description":"Stronaa firmy buduj\u0105cej strony","publisher":{"@id":"https:\/\/www.drewnianydom.info.pl\/#organization"},"potentialAction":[{"@type":"SearchAction","target":{"@type":"EntryPoint","urlTemplate":"https:\/\/www.drewnianydom.info.pl\/?s={search_term_string}"},"query-input":{"@type":"PropertyValueSpecification","valueRequired":true,"valueName":"search_term_string"}}],"inLanguage":"pl-PL"},{"@type":"Organization","@id":"https:\/\/www.drewnianydom.info.pl\/#organization","name":"Dom Drewniany","url":"https:\/\/www.drewnianydom.info.pl\/","logo":{"@type":"ImageObject","inLanguage":"pl-PL","@id":"https:\/\/www.drewnianydom.info.pl\/#\/schema\/logo\/image\/","url":"https:\/\/www.drewnianydom.info.pl\/wp-content\/uploads\/2023\/03\/cropped-Screenshot-2021-06-14-at-17-39-39-Edytuj-logo-Logomaster-Online-Logo-Maker-dla-Twojego-nowego-biznesu.png","contentUrl":"https:\/\/www.drewnianydom.info.pl\/wp-content\/uploads\/2023\/03\/cropped-Screenshot-2021-06-14-at-17-39-39-Edytuj-logo-Logomaster-Online-Logo-Maker-dla-Twojego-nowego-biznesu.png","width":239,"height":239,"caption":"Dom Drewniany"},"image":{"@id":"https:\/\/www.drewnianydom.info.pl\/#\/schema\/logo\/image\/"}}]}},"_links":{"self":[{"href":"https:\/\/www.drewnianydom.info.pl\/index.php?rest_route=\/wp\/v2\/pages\/310","targetHints":{"allow":["GET"]}}],"collection":[{"href":"https:\/\/www.drewnianydom.info.pl\/index.php?rest_route=\/wp\/v2\/pages"}],"about":[{"href":"https:\/\/www.drewnianydom.info.pl\/index.php?rest_route=\/wp\/v2\/types\/page"}],"author":[{"embeddable":true,"href":"https:\/\/www.drewnianydom.info.pl\/index.php?rest_route=\/wp\/v2\/users\/1"}],"replies":[{"embeddable":true,"href":"https:\/\/www.drewnianydom.info.pl\/index.php?rest_route=%2Fwp%2Fv2%2Fcomments&post=310"}],"version-history":[{"count":0,"href":"https:\/\/www.drewnianydom.info.pl\/index.php?rest_route=\/wp\/v2\/pages\/310\/revisions"}],"wp:attachment":[{"href":"https:\/\/www.drewnianydom.info.pl\/index.php?rest_route=%2Fwp%2Fv2%2Fmedia&parent=310"}],"curies":[{"name":"wp","href":"https:\/\/api.w.org\/{rel}","templated":true}]}}